{"id":354,"date":"2025-02-06T16:50:30","date_gmt":"2025-02-06T16:50:30","guid":{"rendered":"https:\/\/ccgourmet.com.py\/?post_type=product&#038;p=354"},"modified":"2026-05-08T09:31:37","modified_gmt":"2026-05-08T09:31:37","slug":"spaghetti-n-3-2","status":"publish","type":"product","link":"https:\/\/ccgourmet.com.py\/index.php\/producto\/spaghetti-n-3-2\/","title":{"rendered":"SPAGHETTI N. 3"},"content":{"rendered":"<table width=\"432\">\n<tbody>\n<tr>\n<td width=\"432\">Spaghetti cl\u00e1sico elaborado con s\u00e9mola de trigo duro de alta calidad, vers\u00e1til para m\u00faltiples recetas italianas.<br \/>\nOrigen: Italia<\/td>\n<\/tr>\n<\/tbody>\n<\/table>\n","protected":false},"excerpt":{"rendered":"<table width=\"432\">\n<tbody>\n<tr>\n<td width=\"432\">Spaghetti cl\u00e1sico elaborado con s\u00e9mola de trigo duro de alta calidad, vers\u00e1til para m\u00faltiples recetas italianas.<br \/>\nOrigen: Italia<\/td>\n<\/tr>\n<\/tbody>\n<\/table>\n","protected":false},"featured_media":646,"comment_status":"open","ping_status":"closed","template":"","meta":[],"product_brand":[],"product_cat":[28],"product_tag":[],"class_list":{"0":"post-354","1":"product","2":"type-product","3":"status-publish","4":"has-post-thumbnail","6":"product_cat-productos-agnesi","8":"first","9":"instock","10":"shipping-taxable","11":"purchasable","12":"product-type-simple"},"_links":{"self":[{"href":"https:\/\/ccgourmet.com.py\/index.php\/wp-json\/wp\/v2\/product\/354","targetHints":{"allow":["GET"]}}],"collection":[{"href":"https:\/\/ccgourmet.com.py\/index.php\/wp-json\/wp\/v2\/product"}],"about":[{"href":"https:\/\/ccgourmet.com.py\/index.php\/wp-json\/wp\/v2\/types\/product"}],"replies":[{"embeddable":true,"href":"https:\/\/ccgourmet.com.py\/index.php\/wp-json\/wp\/v2\/comments?post=354"}],"wp:featuredmedia":[{"embeddable":true,"href":"https:\/\/ccgourmet.com.py\/index.php\/wp-json\/wp\/v2\/media\/646"}],"wp:attachment":[{"href":"https:\/\/ccgourmet.com.py\/index.php\/wp-json\/wp\/v2\/media?parent=354"}],"wp:term":[{"taxonomy":"product_brand","embeddable":true,"href":"https:\/\/ccgourmet.com.py\/index.php\/wp-json\/wp\/v2\/product_brand?post=354"},{"taxonomy":"product_cat","embeddable":true,"href":"https:\/\/ccgourmet.com.py\/index.php\/wp-json\/wp\/v2\/product_cat?post=354"},{"taxonomy":"product_tag","embeddable":true,"href":"https:\/\/ccgourmet.com.py\/index.php\/wp-json\/wp\/v2\/product_tag?post=354"}],"curies":[{"name":"wp","href":"https:\/\/api.w.org\/{rel}","templated":true}]}}