{"id":358,"date":"2025-02-06T16:58:46","date_gmt":"2025-02-06T16:58:46","guid":{"rendered":"https:\/\/ccgourmet.com.py\/?post_type=product&#038;p=358"},"modified":"2025-05-05T01:50:50","modified_gmt":"2025-05-05T01:50:50","slug":"dr-coffee-h1","status":"publish","type":"product","link":"https:\/\/ccgourmet.com.py\/index.php\/producto\/dr-coffee-h1\/","title":{"rendered":"Dr. Coffee H1"},"content":{"rendered":"<table width=\"432\">\n<tbody>\n<tr>\n<td width=\"432\">M\u00e1quina de caf\u00e9 autom\u00e1tica dise\u00f1ada para uso dom\u00e9stico. Permite preparar una variedad de caf\u00e9s negros con solo un toque y ofrece opciones de personalizaci\u00f3n para adaptarse a las preferencias del usuario. Adem\u00e1s, cuenta con una lanceta manual para espumar leche, ideal para elaborar bebidas como cappuccinos y lattes.<\/td>\n<\/tr>\n<\/tbody>\n<\/table>\n","protected":false},"excerpt":{"rendered":"<table width=\"432\">\n<tbody>\n<tr>\n<td width=\"432\">M\u00e1quina de caf\u00e9 autom\u00e1tica dise\u00f1ada para uso dom\u00e9stico. Permite preparar una variedad de caf\u00e9s negros con solo un toque y ofrece opciones de personalizaci\u00f3n para adaptarse a las preferencias del usuario. Adem\u00e1s, cuenta con una lanceta manual para espumar leche, ideal para elaborar bebidas como cappuccinos y lattes.<\/td>\n<\/tr>\n<\/tbody>\n<\/table>\n","protected":false},"featured_media":635,"comment_status":"open","ping_status":"closed","template":"","meta":[],"product_brand":[],"product_cat":[29],"product_tag":[],"class_list":{"0":"post-358","1":"product","2":"type-product","3":"status-publish","4":"has-post-thumbnail","6":"product_cat-maquinas-dr-coffee","8":"first","9":"instock","10":"shipping-taxable","11":"purchasable","12":"product-type-simple"},"_links":{"self":[{"href":"https:\/\/ccgourmet.com.py\/index.php\/wp-json\/wp\/v2\/product\/358","targetHints":{"allow":["GET"]}}],"collection":[{"href":"https:\/\/ccgourmet.com.py\/index.php\/wp-json\/wp\/v2\/product"}],"about":[{"href":"https:\/\/ccgourmet.com.py\/index.php\/wp-json\/wp\/v2\/types\/product"}],"replies":[{"embeddable":true,"href":"https:\/\/ccgourmet.com.py\/index.php\/wp-json\/wp\/v2\/comments?post=358"}],"wp:featuredmedia":[{"embeddable":true,"href":"https:\/\/ccgourmet.com.py\/index.php\/wp-json\/wp\/v2\/media\/635"}],"wp:attachment":[{"href":"https:\/\/ccgourmet.com.py\/index.php\/wp-json\/wp\/v2\/media?parent=358"}],"wp:term":[{"taxonomy":"product_brand","embeddable":true,"href":"https:\/\/ccgourmet.com.py\/index.php\/wp-json\/wp\/v2\/product_brand?post=358"},{"taxonomy":"product_cat","embeddable":true,"href":"https:\/\/ccgourmet.com.py\/index.php\/wp-json\/wp\/v2\/product_cat?post=358"},{"taxonomy":"product_tag","embeddable":true,"href":"https:\/\/ccgourmet.com.py\/index.php\/wp-json\/wp\/v2\/product_tag?post=358"}],"curies":[{"name":"wp","href":"https:\/\/api.w.org\/{rel}","templated":true}]}}