{"id":906,"date":"2025-09-10T20:00:52","date_gmt":"2025-09-10T20:00:52","guid":{"rendered":"https:\/\/ccgourmet.com.py\/?post_type=product&#038;p=906"},"modified":"2026-05-08T09:26:24","modified_gmt":"2026-05-08T09:26:24","slug":"caja-lavazza-mix","status":"publish","type":"product","link":"https:\/\/ccgourmet.com.py\/index.php\/producto\/caja-lavazza-mix\/","title":{"rendered":"C\u00e1psulas Lavazza Mix"},"content":{"rendered":"<p data-start=\"587\" data-end=\"624\">\u00a0 \u00a0 \u00a0 \u00a0<strong data-start=\"590\" data-end=\"621\">Incluye 4 variedades \u00fanicas<\/strong>:<\/p>\n<ul data-start=\"625\" data-end=\"975\">\n<li data-start=\"625\" data-end=\"704\">\n<p data-start=\"627\" data-end=\"704\"><strong data-start=\"627\" data-end=\"637\">Humeco<\/strong>: intenso y arom\u00e1tico, con notas tostadas y un final persistente.<\/p>\n<\/li>\n<li data-start=\"705\" data-end=\"785\">\n<p data-start=\"707\" data-end=\"785\"><strong data-start=\"707\" data-end=\"718\">Rotondo<\/strong>: redondo y equilibrado, con cuerpo aterciopelado y crema sedosa.<\/p>\n<\/li>\n<li data-start=\"786\" data-end=\"879\">\n<p data-start=\"788\" data-end=\"879\"><strong data-start=\"788\" data-end=\"801\">Top Class<\/strong>: refinado y especiado, con dulzura equilibrada y notas de chocolate oscuro.<\/p>\n<\/li>\n<li data-start=\"880\" data-end=\"975\">\n<p data-start=\"882\" data-end=\"975\"><strong data-start=\"882\" data-end=\"898\">Descafeinado<\/strong>: todo el sabor Lavazza, sin cafe\u00edna, ideal para cualquier momento del d\u00eda.<\/p>\n<\/li>\n<li data-start=\"880\" data-end=\"975\">\n<p data-start=\"882\" data-end=\"975\"><strong data-start=\"1126\" data-end=\"1144\">Compatibilidad<\/strong>: exclusivamente para sistemas <strong data-start=\"1175\" data-end=\"1191\">Lavazza Blue<\/strong>.<\/p>\n<\/li>\n<\/ul>\n","protected":false},"excerpt":{"rendered":"<p data-start=\"332\" data-end=\"382\"><strong data-start=\"332\" data-end=\"380\">Cuatro sabores, una sola experiencia premium<\/strong><\/p>\n<p data-start=\"384\" data-end=\"585\">La nueva <strong data-start=\"393\" data-end=\"413\">Caja Lavazza Mix<\/strong> re\u00fane lo mejor del caf\u00e9 italiano en un pr\u00e1ctico pack de <strong data-start=\"470\" data-end=\"500\">10 c\u00e1psulas de caf\u00e9 molido<\/strong>, perfectas para descubrir diferentes perfiles de espresso en casa o en la oficina.<\/p>\n","protected":false},"featured_media":907,"comment_status":"open","ping_status":"closed","template":"","meta":[],"product_brand":[],"product_cat":[27],"product_tag":[],"class_list":{"0":"post-906","1":"product","2":"type-product","3":"status-publish","4":"has-post-thumbnail","6":"product_cat-productos-lavazza","8":"first","9":"instock","10":"shipping-taxable","11":"purchasable","12":"product-type-simple"},"_links":{"self":[{"href":"https:\/\/ccgourmet.com.py\/index.php\/wp-json\/wp\/v2\/product\/906","targetHints":{"allow":["GET"]}}],"collection":[{"href":"https:\/\/ccgourmet.com.py\/index.php\/wp-json\/wp\/v2\/product"}],"about":[{"href":"https:\/\/ccgourmet.com.py\/index.php\/wp-json\/wp\/v2\/types\/product"}],"replies":[{"embeddable":true,"href":"https:\/\/ccgourmet.com.py\/index.php\/wp-json\/wp\/v2\/comments?post=906"}],"wp:featuredmedia":[{"embeddable":true,"href":"https:\/\/ccgourmet.com.py\/index.php\/wp-json\/wp\/v2\/media\/907"}],"wp:attachment":[{"href":"https:\/\/ccgourmet.com.py\/index.php\/wp-json\/wp\/v2\/media?parent=906"}],"wp:term":[{"taxonomy":"product_brand","embeddable":true,"href":"https:\/\/ccgourmet.com.py\/index.php\/wp-json\/wp\/v2\/product_brand?post=906"},{"taxonomy":"product_cat","embeddable":true,"href":"https:\/\/ccgourmet.com.py\/index.php\/wp-json\/wp\/v2\/product_cat?post=906"},{"taxonomy":"product_tag","embeddable":true,"href":"https:\/\/ccgourmet.com.py\/index.php\/wp-json\/wp\/v2\/product_tag?post=906"}],"curies":[{"name":"wp","href":"https:\/\/api.w.org\/{rel}","templated":true}]}}