{"id":912,"date":"2025-09-11T12:48:41","date_gmt":"2025-09-11T12:48:41","guid":{"rendered":"https:\/\/ccgourmet.com.py\/?post_type=product&#038;p=912"},"modified":"2026-05-08T09:27:06","modified_gmt":"2026-05-08T09:27:06","slug":"capsulas-rotondo","status":"publish","type":"product","link":"https:\/\/ccgourmet.com.py\/index.php\/producto\/capsulas-rotondo\/","title":{"rendered":"C\u00e1psulas Rotondo"},"content":{"rendered":"<ul data-start=\"328\" data-end=\"841\">\n<li data-start=\"328\" data-end=\"448\">\n<p data-start=\"330\" data-end=\"448\">Blend: 100 % Ar\u00e1bica \u2014 selecci\u00f3n premium de Am\u00e9rica Central y Am\u00e9rica del Sur<\/p>\n<\/li>\n<li data-start=\"449\" data-end=\"568\">\n<p data-start=\"451\" data-end=\"568\">Tueste oscuro, marcado y profundo \u2014 ofrece una experiencia rica y envolvente<\/p>\n<\/li>\n<li data-start=\"569\" data-end=\"677\">\n<p data-start=\"571\" data-end=\"677\">Perfil de sabor: dulce, arom\u00e1tico y con notas de caramelo tostado<\/p>\n<\/li>\n<li data-start=\"678\" data-end=\"841\">\n<p data-start=\"680\" data-end=\"841\">Sensaci\u00f3n en boca: cuerpo pleno, textura aterciopelada, con una crema persistente y dorada que invita a un segundo sorbo<\/p>\n<\/li>\n<li data-start=\"678\" data-end=\"841\">Cantidad: 10 unidades de c\u00e1psulas<\/li>\n<\/ul>\n","protected":false},"excerpt":{"rendered":"<p>Un espresso intenso y aterciopelado, 100 % Ar\u00e1bica con notas dulces y caramelo tostado.<\/p>\n","protected":false},"featured_media":903,"comment_status":"open","ping_status":"closed","template":"","meta":[],"product_brand":[],"product_cat":[27],"product_tag":[],"class_list":{"0":"post-912","1":"product","2":"type-product","3":"status-publish","4":"has-post-thumbnail","6":"product_cat-productos-lavazza","8":"first","9":"instock","10":"shipping-taxable","11":"purchasable","12":"product-type-simple"},"_links":{"self":[{"href":"https:\/\/ccgourmet.com.py\/index.php\/wp-json\/wp\/v2\/product\/912","targetHints":{"allow":["GET"]}}],"collection":[{"href":"https:\/\/ccgourmet.com.py\/index.php\/wp-json\/wp\/v2\/product"}],"about":[{"href":"https:\/\/ccgourmet.com.py\/index.php\/wp-json\/wp\/v2\/types\/product"}],"replies":[{"embeddable":true,"href":"https:\/\/ccgourmet.com.py\/index.php\/wp-json\/wp\/v2\/comments?post=912"}],"wp:featuredmedia":[{"embeddable":true,"href":"https:\/\/ccgourmet.com.py\/index.php\/wp-json\/wp\/v2\/media\/903"}],"wp:attachment":[{"href":"https:\/\/ccgourmet.com.py\/index.php\/wp-json\/wp\/v2\/media?parent=912"}],"wp:term":[{"taxonomy":"product_brand","embeddable":true,"href":"https:\/\/ccgourmet.com.py\/index.php\/wp-json\/wp\/v2\/product_brand?post=912"},{"taxonomy":"product_cat","embeddable":true,"href":"https:\/\/ccgourmet.com.py\/index.php\/wp-json\/wp\/v2\/product_cat?post=912"},{"taxonomy":"product_tag","embeddable":true,"href":"https:\/\/ccgourmet.com.py\/index.php\/wp-json\/wp\/v2\/product_tag?post=912"}],"curies":[{"name":"wp","href":"https:\/\/api.w.org\/{rel}","templated":true}]}}