{"id":946,"date":"2026-02-19T18:06:29","date_gmt":"2026-02-19T18:06:29","guid":{"rendered":"https:\/\/ccgourmet.com.py\/?post_type=product&#038;p=946"},"modified":"2026-02-19T18:25:53","modified_gmt":"2026-02-19T18:25:53","slug":"pesto-alla-genovese-185gr","status":"publish","type":"product","link":"https:\/\/ccgourmet.com.py\/index.php\/producto\/pesto-alla-genovese-185gr\/","title":{"rendered":"PESTO ALLA GENOVESE &#8211; 185GR"},"content":{"rendered":"<p>El Pesto Alla Genovese es una exquisita combinaci\u00f3n de albahaca fresca, pi\u00f1ones, queso parmesano, aceite de oliva virgen extra y ajo, todos cuidadosamente seleccionados y mezclados seg\u00fan la receta tradicional italiana. Esta salsa es conocida por su aroma fresco y su sabor vibrante que evoca los sabores aut\u00e9nticos de la regi\u00f3n de Liguria en Italia. Perfecta para realzar el sabor de tus platos de pasta, esta salsa tambi\u00e9n se puede usar como aderezo para ensaladas, untar en pan o incluso mezclar con carnes y verduras para darles un toque de sabor italiano.<\/p>\n","protected":false},"excerpt":{"rendered":"<p>El Pesto tradicional con albahaca, pi\u00f1ones, parmesano, aceite de oliva virgen extra y ajo.<br data-start=\"122\" data-end=\"125\" \/>Ideal para pastas y preparaciones frescas, con el aut\u00e9ntico sabor de Liguria.<\/p>\n","protected":false},"featured_media":947,"comment_status":"open","ping_status":"closed","template":"","meta":[],"product_brand":[],"product_cat":[28],"product_tag":[],"class_list":{"0":"post-946","1":"product","2":"type-product","3":"status-publish","4":"has-post-thumbnail","6":"product_cat-productos-agnesi","8":"first","9":"instock","10":"shipping-taxable","11":"purchasable","12":"product-type-simple"},"_links":{"self":[{"href":"https:\/\/ccgourmet.com.py\/index.php\/wp-json\/wp\/v2\/product\/946","targetHints":{"allow":["GET"]}}],"collection":[{"href":"https:\/\/ccgourmet.com.py\/index.php\/wp-json\/wp\/v2\/product"}],"about":[{"href":"https:\/\/ccgourmet.com.py\/index.php\/wp-json\/wp\/v2\/types\/product"}],"replies":[{"embeddable":true,"href":"https:\/\/ccgourmet.com.py\/index.php\/wp-json\/wp\/v2\/comments?post=946"}],"wp:featuredmedia":[{"embeddable":true,"href":"https:\/\/ccgourmet.com.py\/index.php\/wp-json\/wp\/v2\/media\/947"}],"wp:attachment":[{"href":"https:\/\/ccgourmet.com.py\/index.php\/wp-json\/wp\/v2\/media?parent=946"}],"wp:term":[{"taxonomy":"product_brand","embeddable":true,"href":"https:\/\/ccgourmet.com.py\/index.php\/wp-json\/wp\/v2\/product_brand?post=946"},{"taxonomy":"product_cat","embeddable":true,"href":"https:\/\/ccgourmet.com.py\/index.php\/wp-json\/wp\/v2\/product_cat?post=946"},{"taxonomy":"product_tag","embeddable":true,"href":"https:\/\/ccgourmet.com.py\/index.php\/wp-json\/wp\/v2\/product_tag?post=946"}],"curies":[{"name":"wp","href":"https:\/\/api.w.org\/{rel}","templated":true}]}}